{"id":878,"date":"2023-12-22T23:08:09","date_gmt":"2023-12-22T23:08:09","guid":{"rendered":"https:\/\/crown-wedding-salon.cz\/?post_type=product&#038;p=878"},"modified":"2025-07-29T11:28:24","modified_gmt":"2025-07-29T11:28:24","slug":"https-crown-wedding-salon-cz-svatebni-saty-crown-2003","status":"publish","type":"product","link":"https:\/\/crown-wedding-salon.cz\/?product=https-crown-wedding-salon-cz-svatebni-saty-crown-2003","title":{"rendered":"Svatebn\u00ed \u0161aty Crown 2003 \u2013 elegantn\u00ed \u0161aty s vle\u010dkou Praha"},"content":{"rendered":"<p><strong><span class=\"s1\">Svatebn\u00ed \u0161aty Crown 2003 \u2013 krajkov\u00e9 \u0161aty s vle\u010dkou Praha<\/span><\/strong><\/p>\n<p>&nbsp;<\/p>\n<p class=\"p1\"><span class=\"s1\">Svatebn\u00ed \u0161aty Crown 2003 Praha<\/span><span class=\"s2\"> jsou v\u00fdjime\u010dn\u00e9 sv\u00fdm elegantn\u00edm designem a ru\u010dn\u011b \u0161itou krajkou. Model je ide\u00e1ln\u00ed pro nev\u011bsty, kter\u00e9 cht\u011bj\u00ed spojit klasickou eleganci s jemn\u00fdm modern\u00edm n\u00e1dechem. Bohat\u00e1 sukn\u011b z lehk\u00e9ho tylu se dokonale pohybuje p\u0159i ch\u016fzi a slavnostn\u00ed vle\u010dka dod\u00e1v\u00e1 \u0161at\u016fm kr\u00e1lovsk\u00fd vzhled.<\/span><\/p>\n<p class=\"p1\"><span class=\"s2\">Korzetov\u00fd st\u0159ih kr\u00e1sn\u011b zv\u00fdraz\u0148uje pas a d\u00edky propracovan\u00e9mu vnit\u0159n\u00edmu zpevn\u011bn\u00ed \u0161aty dokonale sed\u00ed po cel\u00fd den. Odn\u00edmateln\u00e1 vle\u010dka (2\u202fm) umo\u017e\u0148uje snadno m\u011bnit vzhled \u0161at\u016f mezi ob\u0159adem a ve\u010dern\u00ed z\u00e1bavou.<\/span><\/p>\n<p class=\"p1\"><span class=\"s1\">Materi\u00e1l:<\/span><span class=\"s2\"> francouzsk\u00e1 krajka, jemn\u00fd tyl, sat\u00e9nov\u00e1 pod\u0161\u00edvka<\/span><\/p>\n<p class=\"p1\"><span class=\"s1\">Dostupn\u00e9 velikosti:<\/span><span class=\"s2\"> 34\u201342<\/span><\/p>\n<p class=\"p1\"><span class=\"s1\">Mo\u017enost \u0161it\u00ed na m\u00edru:<\/span><span class=\"s2\"> ano \u2013 standardn\u00ed dod\u00e1n\u00ed do 6 t\u00fddn\u016f, expresn\u011b do 2\u20133 t\u00fddn\u016f<\/span><\/p>\n<p class=\"p1\"><span class=\"s2\">V na\u0161em <\/span><span class=\"s1\">svatebn\u00edm salonu v Praze 7 \u2013 Crown Wedding Salon<\/span><span class=\"s2\"> nab\u00edz\u00edme osobn\u00ed <\/span><span class=\"s1\">konzultace zdarma<\/span><span class=\"s2\">, b\u011bhem kter\u00fdch v\u00e1m stylistka porad\u00ed s v\u00fdb\u011brem st\u0159ihu i materi\u00e1lu. Pokud model Crown 2003 nebude pro v\u00e1s ten prav\u00fd, p\u0159edstav\u00edme v\u00e1m i dal\u0161\u00ed obl\u00edben\u00e9 modely, nap\u0159\u00edklad <a href=\"https:\/\/crown-wedding-salon.cz\/?product=svatebni-saty-crown-2002\"><span class=\"s1\">Crown 2002<\/span><\/a> nebo <a href=\"https:\/\/crown-wedding-salon.cz\/?product=svatebni-saty-crown-2024\"><span class=\"s1\">Crown 2024<\/span><\/a>.<\/span><\/p>\n","protected":false},"excerpt":{"rendered":"[wpforms id=\"388\"]\n<p class=\"p1\"><span class=\"s1\">Svatebn\u00ed \u0161aty Crown 2003 Praha s jemnou krajkou a odn\u00edmatelnou vle\u010dkou. Zaregistrujte se na konzultaci zdarma v Crown Wedding Salon Praha 7!<\/span><\/p>\n","protected":false},"featured_media":879,"comment_status":"open","ping_status":"closed","template":"","meta":{"jetpack_publicize_message":"","jetpack_publicize_feature_enabled":true,"jetpack_social_post_already_shared":false,"jetpack_social_options":{"image_generator_settings":{"template":"highway","default_image_id":0,"font":"","enabled":false},"version":2}},"product_brand":[],"product_cat":[21,23],"product_tag":[],"class_list":{"0":"post-878","1":"product","2":"type-product","3":"status-publish","4":"has-post-thumbnail","6":"product_cat-s-rukavama","7":"product_cat-svatebni-saty","8":"latest_post","10":"first","11":"onbackorder","12":"taxable","13":"shipping-taxable","14":"product-type-simple"},"yoast_head":"<!-- This site is optimized with the Yoast SEO plugin v27.3 - https:\/\/yoast.com\/product\/yoast-seo-wordpress\/ -->\n<title>Svatebn\u00ed \u0161aty Crown 2003 \u2013 elegantn\u00ed \u0161aty s vle\u010dkou Praha - CROWN WEDDING SALON<\/title>\n<meta name=\"description\" content=\"Svatebn\u00ed \u0161aty Crown 2003 Praha s jemnou krajkou a odn\u00edmatelnou vle\u010dkou. Zaregistrujte se na konzultaci zdarma v Crown Wedding Salon Praha 7!\" \/>\n<meta name=\"robots\" content=\"index, follow, max-snippet:-1, max-image-preview:large, max-video-preview:-1\" \/>\n<link rel=\"canonical\" href=\"https:\/\/crown-wedding-salon.cz\/?product=https-crown-wedding-salon-cz-svatebni-saty-crown-2003\" \/>\n<meta property=\"og:locale\" content=\"cs_CZ\" \/>\n<meta property=\"og:type\" content=\"article\" \/>\n<meta property=\"og:title\" content=\"Svatebn\u00ed \u0161aty Crown 2003 \u2013 elegantn\u00ed \u0161aty s vle\u010dkou Praha - CROWN WEDDING SALON\" \/>\n<meta property=\"og:description\" content=\"Svatebn\u00ed \u0161aty Crown 2003 Praha s jemnou krajkou a odn\u00edmatelnou vle\u010dkou. Zaregistrujte se na konzultaci zdarma v Crown Wedding Salon Praha 7!\" \/>\n<meta property=\"og:url\" content=\"https:\/\/crown-wedding-salon.cz\/?product=https-crown-wedding-salon-cz-svatebni-saty-crown-2003\" \/>\n<meta property=\"og:site_name\" content=\"CROWN WEDDING SALON\" \/>\n<meta property=\"article:publisher\" content=\"https:\/\/www.facebook.com\/profile.php?id=100094435550187\" \/>\n<meta property=\"article:modified_time\" content=\"2025-07-29T11:28:24+00:00\" \/>\n<meta property=\"og:image\" content=\"https:\/\/crown-wedding-salon.cz\/wp-content\/uploads\/2023\/12\/Svatebni-saty-CROWN-2003-2-scaled.jpg\" \/>\n\t<meta property=\"og:image:width\" content=\"1708\" \/>\n\t<meta property=\"og:image:height\" content=\"2560\" \/>\n\t<meta property=\"og:image:type\" content=\"image\/jpeg\" \/>\n<meta name=\"twitter:card\" content=\"summary_large_image\" \/>\n<meta name=\"twitter:label1\" content=\"Odhadovan\u00e1 doba \u010dten\u00ed\" \/>\n\t<meta name=\"twitter:data1\" content=\"2 minuty\" \/>\n<script type=\"application\/ld+json\" class=\"yoast-schema-graph\">{\"@context\":\"https:\\\/\\\/schema.org\",\"@graph\":[{\"@type\":\"WebPage\",\"@id\":\"https:\\\/\\\/crown-wedding-salon.cz\\\/?product=https-crown-wedding-salon-cz-svatebni-saty-crown-2003\",\"url\":\"https:\\\/\\\/crown-wedding-salon.cz\\\/?product=https-crown-wedding-salon-cz-svatebni-saty-crown-2003\",\"name\":\"Svatebn\u00ed \u0161aty Crown 2003 \u2013 elegantn\u00ed \u0161aty s vle\u010dkou Praha - CROWN WEDDING SALON\",\"isPartOf\":{\"@id\":\"https:\\\/\\\/crown-wedding-salon.cz\\\/#website\"},\"primaryImageOfPage\":{\"@id\":\"https:\\\/\\\/crown-wedding-salon.cz\\\/?product=https-crown-wedding-salon-cz-svatebni-saty-crown-2003#primaryimage\"},\"image\":{\"@id\":\"https:\\\/\\\/crown-wedding-salon.cz\\\/?product=https-crown-wedding-salon-cz-svatebni-saty-crown-2003#primaryimage\"},\"thumbnailUrl\":\"https:\\\/\\\/crown-wedding-salon.cz\\\/wp-content\\\/uploads\\\/2023\\\/12\\\/Svatebni-saty-CROWN-2003-2-scaled.jpg\",\"datePublished\":\"2023-12-22T23:08:09+00:00\",\"dateModified\":\"2025-07-29T11:28:24+00:00\",\"description\":\"Svatebn\u00ed \u0161aty Crown 2003 Praha s jemnou krajkou a odn\u00edmatelnou vle\u010dkou. Zaregistrujte se na konzultaci zdarma v Crown Wedding Salon Praha 7!\",\"breadcrumb\":{\"@id\":\"https:\\\/\\\/crown-wedding-salon.cz\\\/?product=https-crown-wedding-salon-cz-svatebni-saty-crown-2003#breadcrumb\"},\"inLanguage\":\"cs\",\"potentialAction\":[{\"@type\":\"ReadAction\",\"target\":[\"https:\\\/\\\/crown-wedding-salon.cz\\\/?product=https-crown-wedding-salon-cz-svatebni-saty-crown-2003\"]}]},{\"@type\":\"ImageObject\",\"inLanguage\":\"cs\",\"@id\":\"https:\\\/\\\/crown-wedding-salon.cz\\\/?product=https-crown-wedding-salon-cz-svatebni-saty-crown-2003#primaryimage\",\"url\":\"https:\\\/\\\/crown-wedding-salon.cz\\\/wp-content\\\/uploads\\\/2023\\\/12\\\/Svatebni-saty-CROWN-2003-2-scaled.jpg\",\"contentUrl\":\"https:\\\/\\\/crown-wedding-salon.cz\\\/wp-content\\\/uploads\\\/2023\\\/12\\\/Svatebni-saty-CROWN-2003-2-scaled.jpg\",\"width\":1708,\"height\":2560},{\"@type\":\"BreadcrumbList\",\"@id\":\"https:\\\/\\\/crown-wedding-salon.cz\\\/?product=https-crown-wedding-salon-cz-svatebni-saty-crown-2003#breadcrumb\",\"itemListElement\":[{\"@type\":\"ListItem\",\"position\":1,\"name\":\"Dom\u016f\",\"item\":\"https:\\\/\\\/crown-wedding-salon.cz\\\/\"},{\"@type\":\"ListItem\",\"position\":2,\"name\":\"Shop\",\"item\":\"https:\\\/\\\/crown-wedding-salon.cz\\\/?page_id=27\"},{\"@type\":\"ListItem\",\"position\":3,\"name\":\"Svatebn\u00ed \u0161aty Crown 2003 \u2013 elegantn\u00ed \u0161aty s vle\u010dkou Praha\"}]},{\"@type\":\"WebSite\",\"@id\":\"https:\\\/\\\/crown-wedding-salon.cz\\\/#website\",\"url\":\"https:\\\/\\\/crown-wedding-salon.cz\\\/\",\"name\":\"CROWN WEDDING SALON\",\"description\":\"\",\"publisher\":{\"@id\":\"https:\\\/\\\/crown-wedding-salon.cz\\\/#organization\"},\"potentialAction\":[{\"@type\":\"SearchAction\",\"target\":{\"@type\":\"EntryPoint\",\"urlTemplate\":\"https:\\\/\\\/crown-wedding-salon.cz\\\/?s={search_term_string}\"},\"query-input\":{\"@type\":\"PropertyValueSpecification\",\"valueRequired\":true,\"valueName\":\"search_term_string\"}}],\"inLanguage\":\"cs\"},{\"@type\":\"Organization\",\"@id\":\"https:\\\/\\\/crown-wedding-salon.cz\\\/#organization\",\"name\":\"The CROWN Company s.r.o\",\"url\":\"https:\\\/\\\/crown-wedding-salon.cz\\\/\",\"logo\":{\"@type\":\"ImageObject\",\"inLanguage\":\"cs\",\"@id\":\"https:\\\/\\\/crown-wedding-salon.cz\\\/#\\\/schema\\\/logo\\\/image\\\/\",\"url\":\"https:\\\/\\\/crown-wedding-salon.cz\\\/wp-content\\\/uploads\\\/2023\\\/12\\\/cropped-Wedding-sti.png\",\"contentUrl\":\"https:\\\/\\\/crown-wedding-salon.cz\\\/wp-content\\\/uploads\\\/2023\\\/12\\\/cropped-Wedding-sti.png\",\"width\":1563,\"height\":1563,\"caption\":\"The CROWN Company s.r.o\"},\"image\":{\"@id\":\"https:\\\/\\\/crown-wedding-salon.cz\\\/#\\\/schema\\\/logo\\\/image\\\/\"},\"sameAs\":[\"https:\\\/\\\/www.facebook.com\\\/profile.php?id=100094435550187\",\"https:\\\/\\\/www.instagram.com\\\/crown_svatebni_salon_saty_cz\\\/\"]}]}<\/script>\n<!-- \/ Yoast SEO plugin. -->","yoast_head_json":{"title":"Svatebn\u00ed \u0161aty Crown 2003 \u2013 elegantn\u00ed \u0161aty s vle\u010dkou Praha - CROWN WEDDING SALON","description":"Svatebn\u00ed \u0161aty Crown 2003 Praha s jemnou krajkou a odn\u00edmatelnou vle\u010dkou. Zaregistrujte se na konzultaci zdarma v Crown Wedding Salon Praha 7!","robots":{"index":"index","follow":"follow","max-snippet":"max-snippet:-1","max-image-preview":"max-image-preview:large","max-video-preview":"max-video-preview:-1"},"canonical":"https:\/\/crown-wedding-salon.cz\/?product=https-crown-wedding-salon-cz-svatebni-saty-crown-2003","og_locale":"cs_CZ","og_type":"article","og_title":"Svatebn\u00ed \u0161aty Crown 2003 \u2013 elegantn\u00ed \u0161aty s vle\u010dkou Praha - CROWN WEDDING SALON","og_description":"Svatebn\u00ed \u0161aty Crown 2003 Praha s jemnou krajkou a odn\u00edmatelnou vle\u010dkou. Zaregistrujte se na konzultaci zdarma v Crown Wedding Salon Praha 7!","og_url":"https:\/\/crown-wedding-salon.cz\/?product=https-crown-wedding-salon-cz-svatebni-saty-crown-2003","og_site_name":"CROWN WEDDING SALON","article_publisher":"https:\/\/www.facebook.com\/profile.php?id=100094435550187","article_modified_time":"2025-07-29T11:28:24+00:00","og_image":[{"width":1708,"height":2560,"url":"https:\/\/crown-wedding-salon.cz\/wp-content\/uploads\/2023\/12\/Svatebni-saty-CROWN-2003-2-scaled.jpg","type":"image\/jpeg"}],"twitter_card":"summary_large_image","twitter_misc":{"Odhadovan\u00e1 doba \u010dten\u00ed":"2 minuty"},"schema":{"@context":"https:\/\/schema.org","@graph":[{"@type":"WebPage","@id":"https:\/\/crown-wedding-salon.cz\/?product=https-crown-wedding-salon-cz-svatebni-saty-crown-2003","url":"https:\/\/crown-wedding-salon.cz\/?product=https-crown-wedding-salon-cz-svatebni-saty-crown-2003","name":"Svatebn\u00ed \u0161aty Crown 2003 \u2013 elegantn\u00ed \u0161aty s vle\u010dkou Praha - CROWN WEDDING SALON","isPartOf":{"@id":"https:\/\/crown-wedding-salon.cz\/#website"},"primaryImageOfPage":{"@id":"https:\/\/crown-wedding-salon.cz\/?product=https-crown-wedding-salon-cz-svatebni-saty-crown-2003#primaryimage"},"image":{"@id":"https:\/\/crown-wedding-salon.cz\/?product=https-crown-wedding-salon-cz-svatebni-saty-crown-2003#primaryimage"},"thumbnailUrl":"https:\/\/crown-wedding-salon.cz\/wp-content\/uploads\/2023\/12\/Svatebni-saty-CROWN-2003-2-scaled.jpg","datePublished":"2023-12-22T23:08:09+00:00","dateModified":"2025-07-29T11:28:24+00:00","description":"Svatebn\u00ed \u0161aty Crown 2003 Praha s jemnou krajkou a odn\u00edmatelnou vle\u010dkou. Zaregistrujte se na konzultaci zdarma v Crown Wedding Salon Praha 7!","breadcrumb":{"@id":"https:\/\/crown-wedding-salon.cz\/?product=https-crown-wedding-salon-cz-svatebni-saty-crown-2003#breadcrumb"},"inLanguage":"cs","potentialAction":[{"@type":"ReadAction","target":["https:\/\/crown-wedding-salon.cz\/?product=https-crown-wedding-salon-cz-svatebni-saty-crown-2003"]}]},{"@type":"ImageObject","inLanguage":"cs","@id":"https:\/\/crown-wedding-salon.cz\/?product=https-crown-wedding-salon-cz-svatebni-saty-crown-2003#primaryimage","url":"https:\/\/crown-wedding-salon.cz\/wp-content\/uploads\/2023\/12\/Svatebni-saty-CROWN-2003-2-scaled.jpg","contentUrl":"https:\/\/crown-wedding-salon.cz\/wp-content\/uploads\/2023\/12\/Svatebni-saty-CROWN-2003-2-scaled.jpg","width":1708,"height":2560},{"@type":"BreadcrumbList","@id":"https:\/\/crown-wedding-salon.cz\/?product=https-crown-wedding-salon-cz-svatebni-saty-crown-2003#breadcrumb","itemListElement":[{"@type":"ListItem","position":1,"name":"Dom\u016f","item":"https:\/\/crown-wedding-salon.cz\/"},{"@type":"ListItem","position":2,"name":"Shop","item":"https:\/\/crown-wedding-salon.cz\/?page_id=27"},{"@type":"ListItem","position":3,"name":"Svatebn\u00ed \u0161aty Crown 2003 \u2013 elegantn\u00ed \u0161aty s vle\u010dkou Praha"}]},{"@type":"WebSite","@id":"https:\/\/crown-wedding-salon.cz\/#website","url":"https:\/\/crown-wedding-salon.cz\/","name":"CROWN WEDDING SALON","description":"","publisher":{"@id":"https:\/\/crown-wedding-salon.cz\/#organization"},"potentialAction":[{"@type":"SearchAction","target":{"@type":"EntryPoint","urlTemplate":"https:\/\/crown-wedding-salon.cz\/?s={search_term_string}"},"query-input":{"@type":"PropertyValueSpecification","valueRequired":true,"valueName":"search_term_string"}}],"inLanguage":"cs"},{"@type":"Organization","@id":"https:\/\/crown-wedding-salon.cz\/#organization","name":"The CROWN Company s.r.o","url":"https:\/\/crown-wedding-salon.cz\/","logo":{"@type":"ImageObject","inLanguage":"cs","@id":"https:\/\/crown-wedding-salon.cz\/#\/schema\/logo\/image\/","url":"https:\/\/crown-wedding-salon.cz\/wp-content\/uploads\/2023\/12\/cropped-Wedding-sti.png","contentUrl":"https:\/\/crown-wedding-salon.cz\/wp-content\/uploads\/2023\/12\/cropped-Wedding-sti.png","width":1563,"height":1563,"caption":"The CROWN Company s.r.o"},"image":{"@id":"https:\/\/crown-wedding-salon.cz\/#\/schema\/logo\/image\/"},"sameAs":["https:\/\/www.facebook.com\/profile.php?id=100094435550187","https:\/\/www.instagram.com\/crown_svatebni_salon_saty_cz\/"]}]}},"jetpack_publicize_connections":[],"jetpack_sharing_enabled":true,"_links":{"self":[{"href":"https:\/\/crown-wedding-salon.cz\/index.php?rest_route=\/wp\/v2\/product\/878","targetHints":{"allow":["GET"]}}],"collection":[{"href":"https:\/\/crown-wedding-salon.cz\/index.php?rest_route=\/wp\/v2\/product"}],"about":[{"href":"https:\/\/crown-wedding-salon.cz\/index.php?rest_route=\/wp\/v2\/types\/product"}],"replies":[{"embeddable":true,"href":"https:\/\/crown-wedding-salon.cz\/index.php?rest_route=%2Fwp%2Fv2%2Fcomments&post=878"}],"wp:featuredmedia":[{"embeddable":true,"href":"https:\/\/crown-wedding-salon.cz\/index.php?rest_route=\/wp\/v2\/media\/879"}],"wp:attachment":[{"href":"https:\/\/crown-wedding-salon.cz\/index.php?rest_route=%2Fwp%2Fv2%2Fmedia&parent=878"}],"wp:term":[{"taxonomy":"product_brand","embeddable":true,"href":"https:\/\/crown-wedding-salon.cz\/index.php?rest_route=%2Fwp%2Fv2%2Fproduct_brand&post=878"},{"taxonomy":"product_cat","embeddable":true,"href":"https:\/\/crown-wedding-salon.cz\/index.php?rest_route=%2Fwp%2Fv2%2Fproduct_cat&post=878"},{"taxonomy":"product_tag","embeddable":true,"href":"https:\/\/crown-wedding-salon.cz\/index.php?rest_route=%2Fwp%2Fv2%2Fproduct_tag&post=878"}],"curies":[{"name":"wp","href":"https:\/\/api.w.org\/{rel}","templated":true}]}}