{"id":833,"date":"2023-11-02T18:31:45","date_gmt":"2023-11-02T18:31:45","guid":{"rendered":"https:\/\/crown-wedding-salon.cz\/?post_type=product&#038;p=833"},"modified":"2025-02-03T12:19:24","modified_gmt":"2025-02-03T12:19:24","slug":"svatebni-saty-crown-1112","status":"publish","type":"product","link":"https:\/\/crown-wedding-salon.cz\/?product=svatebni-saty-crown-1112","title":{"rendered":"Svatebn\u00ed \u0161aty CROWN 1112"},"content":{"rendered":"<div>P\u0159edstavujeme svatebn\u00ed \u0161aty od svatebn\u00edho sal\u00f3nu CROWN, kter\u00e9 jsou zt\u011blesn\u011bn\u00edm elegance a sofistikovanosti. \u0160aty jsou ur\u010deny pro modern\u00ed nev\u011bstu, kter\u00e1 sn\u00ed o nad\u010dasov\u00e9m vzhledu.<\/div>\n<div><\/div>\n<div>Romantick\u00fd v\u00fdst\u0159ih s odhalen\u00fdmi rameny zdoben\u00fd jemnou krajkou, dopln\u011bn\u00fd ru\u010dn\u011b vyr\u00e1b\u011bn\u00fdmi kv\u011btinov\u00fdmi aplikacemi na ruk\u00e1vech.<\/div>\n<div><\/div>\n<div>Silueta plesov\u00fdch \u0161at\u016f, kter\u00e1 ladn\u011b kask\u00e1dovit\u011b kask\u00e1dovit\u011b pad\u00e1 a dod\u00e1v\u00e1 n\u00e1dech poh\u00e1dkov\u00e9ho p\u016fvabu.<\/div>\n<div><\/div>\n<div>Slo\u017eit\u00e9 kor\u00e1lky a flitry se jemn\u011b t\u0159pyt\u00ed, zachycuj\u00ed sv\u011btlo a upozor\u0148uj\u00ed na vynikaj\u00edc\u00ed \u0159emesln\u00e9 zpracov\u00e1n\u00ed.<\/div>\n<div><\/div>\n<div>Je to jemn\u00e1, ale okouzluj\u00edc\u00ed vle\u010dka, kter\u00e1 plyne bez n\u00e1mahy a dod\u00e1v\u00e1 \u0161at\u016fm kr\u00e1lovsk\u00e9 kouzlo.<\/div>\n<div><\/div>\n<div>Je navr\u017een tak, aby zv\u00fdraznil p\u0159irozen\u00e9 k\u0159ivky a z\u00e1rove\u0148 zajistil pohodln\u00e9 no\u0161en\u00ed, tak\u017ee je ide\u00e1ln\u00ed pro protan\u010den\u00ed cel\u00e9 noci.<\/div>\n<div><\/div>\n<div>Svatebn\u00ed \u0161aty CROWN v sob\u011b snoub\u00ed tradi\u010dn\u00ed eleganci s modern\u00edmi designov\u00fdmi prvky. Tyto \u0161aty jsou poctou odborn\u00e9mu \u0159emesln\u00e9mu zpracov\u00e1n\u00ed pro va\u0161e cenn\u00e9 okam\u017eiky.<\/div>\n","protected":false},"excerpt":{"rendered":"[wpforms id=\"388\"]\n","protected":false},"featured_media":834,"comment_status":"open","ping_status":"closed","template":"","meta":{"jetpack_publicize_message":"","jetpack_publicize_feature_enabled":true,"jetpack_social_post_already_shared":false,"jetpack_social_options":{"image_generator_settings":{"template":"highway","default_image_id":0,"font":"","enabled":false},"version":2}},"product_brand":[],"product_cat":[23],"product_tag":[],"class_list":{"0":"post-833","1":"product","2":"type-product","3":"status-publish","4":"has-post-thumbnail","6":"product_cat-svatebni-saty","7":"latest_post","9":"first","10":"onbackorder","11":"taxable","12":"shipping-taxable","13":"purchasable","14":"product-type-simple"},"yoast_head":"<!-- This site is optimized with the Yoast SEO plugin v27.3 - https:\/\/yoast.com\/product\/yoast-seo-wordpress\/ -->\n<title>Svatebn\u00ed \u0161aty CROWN 1112 - CROWN WEDDING SALON<\/title>\n<meta name=\"robots\" content=\"index, follow, max-snippet:-1, max-image-preview:large, max-video-preview:-1\" \/>\n<link rel=\"canonical\" href=\"https:\/\/crown-wedding-salon.cz\/?product=svatebni-saty-crown-1112\" \/>\n<meta property=\"og:locale\" content=\"cs_CZ\" \/>\n<meta property=\"og:type\" content=\"article\" \/>\n<meta property=\"og:title\" content=\"Svatebn\u00ed \u0161aty CROWN 1112 - CROWN WEDDING SALON\" \/>\n<meta property=\"og:url\" content=\"https:\/\/crown-wedding-salon.cz\/?product=svatebni-saty-crown-1112\" \/>\n<meta property=\"og:site_name\" content=\"CROWN WEDDING SALON\" \/>\n<meta property=\"article:publisher\" content=\"https:\/\/www.facebook.com\/profile.php?id=100094435550187\" \/>\n<meta property=\"article:modified_time\" content=\"2025-02-03T12:19:24+00:00\" \/>\n<meta property=\"og:image\" content=\"https:\/\/crown-wedding-salon.cz\/wp-content\/uploads\/2023\/11\/1112-1-CROWN-wedding-dress.jpg\" \/>\n\t<meta property=\"og:image:width\" content=\"1639\" \/>\n\t<meta property=\"og:image:height\" content=\"2458\" \/>\n\t<meta property=\"og:image:type\" content=\"image\/jpeg\" \/>\n<meta name=\"twitter:card\" content=\"summary_large_image\" \/>\n<meta name=\"twitter:description\" content=\"[wpforms id=&quot;388&quot;]\" \/>\n<meta name=\"twitter:label1\" content=\"Odhadovan\u00e1 doba \u010dten\u00ed\" \/>\n\t<meta name=\"twitter:data1\" content=\"1 minuta\" \/>\n<script type=\"application\/ld+json\" class=\"yoast-schema-graph\">{\"@context\":\"https:\\\/\\\/schema.org\",\"@graph\":[{\"@type\":\"WebPage\",\"@id\":\"https:\\\/\\\/crown-wedding-salon.cz\\\/?product=svatebni-saty-crown-1112\",\"url\":\"https:\\\/\\\/crown-wedding-salon.cz\\\/?product=svatebni-saty-crown-1112\",\"name\":\"Svatebn\u00ed \u0161aty CROWN 1112 - CROWN WEDDING SALON\",\"isPartOf\":{\"@id\":\"https:\\\/\\\/crown-wedding-salon.cz\\\/#website\"},\"primaryImageOfPage\":{\"@id\":\"https:\\\/\\\/crown-wedding-salon.cz\\\/?product=svatebni-saty-crown-1112#primaryimage\"},\"image\":{\"@id\":\"https:\\\/\\\/crown-wedding-salon.cz\\\/?product=svatebni-saty-crown-1112#primaryimage\"},\"thumbnailUrl\":\"https:\\\/\\\/crown-wedding-salon.cz\\\/wp-content\\\/uploads\\\/2023\\\/11\\\/1112-1-CROWN-wedding-dress.jpg\",\"datePublished\":\"2023-11-02T18:31:45+00:00\",\"dateModified\":\"2025-02-03T12:19:24+00:00\",\"breadcrumb\":{\"@id\":\"https:\\\/\\\/crown-wedding-salon.cz\\\/?product=svatebni-saty-crown-1112#breadcrumb\"},\"inLanguage\":\"cs\",\"potentialAction\":[{\"@type\":\"ReadAction\",\"target\":[\"https:\\\/\\\/crown-wedding-salon.cz\\\/?product=svatebni-saty-crown-1112\"]}]},{\"@type\":\"ImageObject\",\"inLanguage\":\"cs\",\"@id\":\"https:\\\/\\\/crown-wedding-salon.cz\\\/?product=svatebni-saty-crown-1112#primaryimage\",\"url\":\"https:\\\/\\\/crown-wedding-salon.cz\\\/wp-content\\\/uploads\\\/2023\\\/11\\\/1112-1-CROWN-wedding-dress.jpg\",\"contentUrl\":\"https:\\\/\\\/crown-wedding-salon.cz\\\/wp-content\\\/uploads\\\/2023\\\/11\\\/1112-1-CROWN-wedding-dress.jpg\",\"width\":1639,\"height\":2458},{\"@type\":\"BreadcrumbList\",\"@id\":\"https:\\\/\\\/crown-wedding-salon.cz\\\/?product=svatebni-saty-crown-1112#breadcrumb\",\"itemListElement\":[{\"@type\":\"ListItem\",\"position\":1,\"name\":\"Dom\u016f\",\"item\":\"https:\\\/\\\/crown-wedding-salon.cz\\\/\"},{\"@type\":\"ListItem\",\"position\":2,\"name\":\"Shop\",\"item\":\"https:\\\/\\\/crown-wedding-salon.cz\\\/?page_id=27\"},{\"@type\":\"ListItem\",\"position\":3,\"name\":\"Svatebn\u00ed \u0161aty CROWN 1112\"}]},{\"@type\":\"WebSite\",\"@id\":\"https:\\\/\\\/crown-wedding-salon.cz\\\/#website\",\"url\":\"https:\\\/\\\/crown-wedding-salon.cz\\\/\",\"name\":\"CROWN WEDDING SALON\",\"description\":\"\",\"publisher\":{\"@id\":\"https:\\\/\\\/crown-wedding-salon.cz\\\/#organization\"},\"potentialAction\":[{\"@type\":\"SearchAction\",\"target\":{\"@type\":\"EntryPoint\",\"urlTemplate\":\"https:\\\/\\\/crown-wedding-salon.cz\\\/?s={search_term_string}\"},\"query-input\":{\"@type\":\"PropertyValueSpecification\",\"valueRequired\":true,\"valueName\":\"search_term_string\"}}],\"inLanguage\":\"cs\"},{\"@type\":\"Organization\",\"@id\":\"https:\\\/\\\/crown-wedding-salon.cz\\\/#organization\",\"name\":\"The CROWN Company s.r.o\",\"url\":\"https:\\\/\\\/crown-wedding-salon.cz\\\/\",\"logo\":{\"@type\":\"ImageObject\",\"inLanguage\":\"cs\",\"@id\":\"https:\\\/\\\/crown-wedding-salon.cz\\\/#\\\/schema\\\/logo\\\/image\\\/\",\"url\":\"https:\\\/\\\/crown-wedding-salon.cz\\\/wp-content\\\/uploads\\\/2023\\\/12\\\/cropped-Wedding-sti.png\",\"contentUrl\":\"https:\\\/\\\/crown-wedding-salon.cz\\\/wp-content\\\/uploads\\\/2023\\\/12\\\/cropped-Wedding-sti.png\",\"width\":1563,\"height\":1563,\"caption\":\"The CROWN Company s.r.o\"},\"image\":{\"@id\":\"https:\\\/\\\/crown-wedding-salon.cz\\\/#\\\/schema\\\/logo\\\/image\\\/\"},\"sameAs\":[\"https:\\\/\\\/www.facebook.com\\\/profile.php?id=100094435550187\",\"https:\\\/\\\/www.instagram.com\\\/crown_svatebni_salon_saty_cz\\\/\"]}]}<\/script>\n<!-- \/ Yoast SEO plugin. -->","yoast_head_json":{"title":"Svatebn\u00ed \u0161aty CROWN 1112 - CROWN WEDDING SALON","robots":{"index":"index","follow":"follow","max-snippet":"max-snippet:-1","max-image-preview":"max-image-preview:large","max-video-preview":"max-video-preview:-1"},"canonical":"https:\/\/crown-wedding-salon.cz\/?product=svatebni-saty-crown-1112","og_locale":"cs_CZ","og_type":"article","og_title":"Svatebn\u00ed \u0161aty CROWN 1112 - CROWN WEDDING SALON","og_url":"https:\/\/crown-wedding-salon.cz\/?product=svatebni-saty-crown-1112","og_site_name":"CROWN WEDDING SALON","article_publisher":"https:\/\/www.facebook.com\/profile.php?id=100094435550187","article_modified_time":"2025-02-03T12:19:24+00:00","og_image":[{"width":1639,"height":2458,"url":"https:\/\/crown-wedding-salon.cz\/wp-content\/uploads\/2023\/11\/1112-1-CROWN-wedding-dress.jpg","type":"image\/jpeg"}],"twitter_card":"summary_large_image","twitter_description":"[wpforms id=\"388\"]","twitter_misc":{"Odhadovan\u00e1 doba \u010dten\u00ed":"1 minuta"},"schema":{"@context":"https:\/\/schema.org","@graph":[{"@type":"WebPage","@id":"https:\/\/crown-wedding-salon.cz\/?product=svatebni-saty-crown-1112","url":"https:\/\/crown-wedding-salon.cz\/?product=svatebni-saty-crown-1112","name":"Svatebn\u00ed \u0161aty CROWN 1112 - CROWN WEDDING SALON","isPartOf":{"@id":"https:\/\/crown-wedding-salon.cz\/#website"},"primaryImageOfPage":{"@id":"https:\/\/crown-wedding-salon.cz\/?product=svatebni-saty-crown-1112#primaryimage"},"image":{"@id":"https:\/\/crown-wedding-salon.cz\/?product=svatebni-saty-crown-1112#primaryimage"},"thumbnailUrl":"https:\/\/crown-wedding-salon.cz\/wp-content\/uploads\/2023\/11\/1112-1-CROWN-wedding-dress.jpg","datePublished":"2023-11-02T18:31:45+00:00","dateModified":"2025-02-03T12:19:24+00:00","breadcrumb":{"@id":"https:\/\/crown-wedding-salon.cz\/?product=svatebni-saty-crown-1112#breadcrumb"},"inLanguage":"cs","potentialAction":[{"@type":"ReadAction","target":["https:\/\/crown-wedding-salon.cz\/?product=svatebni-saty-crown-1112"]}]},{"@type":"ImageObject","inLanguage":"cs","@id":"https:\/\/crown-wedding-salon.cz\/?product=svatebni-saty-crown-1112#primaryimage","url":"https:\/\/crown-wedding-salon.cz\/wp-content\/uploads\/2023\/11\/1112-1-CROWN-wedding-dress.jpg","contentUrl":"https:\/\/crown-wedding-salon.cz\/wp-content\/uploads\/2023\/11\/1112-1-CROWN-wedding-dress.jpg","width":1639,"height":2458},{"@type":"BreadcrumbList","@id":"https:\/\/crown-wedding-salon.cz\/?product=svatebni-saty-crown-1112#breadcrumb","itemListElement":[{"@type":"ListItem","position":1,"name":"Dom\u016f","item":"https:\/\/crown-wedding-salon.cz\/"},{"@type":"ListItem","position":2,"name":"Shop","item":"https:\/\/crown-wedding-salon.cz\/?page_id=27"},{"@type":"ListItem","position":3,"name":"Svatebn\u00ed \u0161aty CROWN 1112"}]},{"@type":"WebSite","@id":"https:\/\/crown-wedding-salon.cz\/#website","url":"https:\/\/crown-wedding-salon.cz\/","name":"CROWN WEDDING SALON","description":"","publisher":{"@id":"https:\/\/crown-wedding-salon.cz\/#organization"},"potentialAction":[{"@type":"SearchAction","target":{"@type":"EntryPoint","urlTemplate":"https:\/\/crown-wedding-salon.cz\/?s={search_term_string}"},"query-input":{"@type":"PropertyValueSpecification","valueRequired":true,"valueName":"search_term_string"}}],"inLanguage":"cs"},{"@type":"Organization","@id":"https:\/\/crown-wedding-salon.cz\/#organization","name":"The CROWN Company s.r.o","url":"https:\/\/crown-wedding-salon.cz\/","logo":{"@type":"ImageObject","inLanguage":"cs","@id":"https:\/\/crown-wedding-salon.cz\/#\/schema\/logo\/image\/","url":"https:\/\/crown-wedding-salon.cz\/wp-content\/uploads\/2023\/12\/cropped-Wedding-sti.png","contentUrl":"https:\/\/crown-wedding-salon.cz\/wp-content\/uploads\/2023\/12\/cropped-Wedding-sti.png","width":1563,"height":1563,"caption":"The CROWN Company s.r.o"},"image":{"@id":"https:\/\/crown-wedding-salon.cz\/#\/schema\/logo\/image\/"},"sameAs":["https:\/\/www.facebook.com\/profile.php?id=100094435550187","https:\/\/www.instagram.com\/crown_svatebni_salon_saty_cz\/"]}]}},"jetpack_publicize_connections":[],"jetpack_sharing_enabled":true,"_links":{"self":[{"href":"https:\/\/crown-wedding-salon.cz\/index.php?rest_route=\/wp\/v2\/product\/833","targetHints":{"allow":["GET"]}}],"collection":[{"href":"https:\/\/crown-wedding-salon.cz\/index.php?rest_route=\/wp\/v2\/product"}],"about":[{"href":"https:\/\/crown-wedding-salon.cz\/index.php?rest_route=\/wp\/v2\/types\/product"}],"replies":[{"embeddable":true,"href":"https:\/\/crown-wedding-salon.cz\/index.php?rest_route=%2Fwp%2Fv2%2Fcomments&post=833"}],"wp:featuredmedia":[{"embeddable":true,"href":"https:\/\/crown-wedding-salon.cz\/index.php?rest_route=\/wp\/v2\/media\/834"}],"wp:attachment":[{"href":"https:\/\/crown-wedding-salon.cz\/index.php?rest_route=%2Fwp%2Fv2%2Fmedia&parent=833"}],"wp:term":[{"taxonomy":"product_brand","embeddable":true,"href":"https:\/\/crown-wedding-salon.cz\/index.php?rest_route=%2Fwp%2Fv2%2Fproduct_brand&post=833"},{"taxonomy":"product_cat","embeddable":true,"href":"https:\/\/crown-wedding-salon.cz\/index.php?rest_route=%2Fwp%2Fv2%2Fproduct_cat&post=833"},{"taxonomy":"product_tag","embeddable":true,"href":"https:\/\/crown-wedding-salon.cz\/index.php?rest_route=%2Fwp%2Fv2%2Fproduct_tag&post=833"}],"curies":[{"name":"wp","href":"https:\/\/api.w.org\/{rel}","templated":true}]}}