{"id":950,"date":"2023-12-30T23:46:38","date_gmt":"2023-12-30T23:46:38","guid":{"rendered":"https:\/\/crown-wedding-salon.cz\/?page_id=950"},"modified":"2026-04-09T17:59:09","modified_gmt":"2026-04-09T17:59:09","slug":"contact","status":"publish","type":"page","link":"https:\/\/crown-wedding-salon.cz\/?page_id=950","title":{"rendered":"Contact"},"content":{"rendered":"\n<h2 class=\"wp-block-heading\"><br>Kontakt \u2013 CROWN Wedding Salon Praha<\/h2>\n\n\n\n<p>Hled\u00e1te m\u00edsto, kde si vyzkou\u0161\u00edte ty nejkr\u00e1sn\u011bj\u0161\u00ed&nbsp;svatebn\u00ed \u0161aty Praha? Nav\u0161tivte n\u00e1\u0161&nbsp;svatebn\u00ed salon Praha&nbsp;a domluvte si osobn\u00ed sch\u016fzku. R\u00e1di v\u00e1m porad\u00edme s v\u00fdb\u011brem \u0161at\u016f, dopl\u0148k\u016f i celkov\u00e9ho svatebn\u00edho stylingu.<\/p>\n\n\n\n<p>\ud83d\udccd&nbsp;Adresa salonu<\/p>\n\n\n\n<p>CROWN Wedding Salon Praha<\/p>\n\n\n\n<p>V p\u0159\u00edstavu 1585\/20, 170 00 Praha 7 \u2013 Hole\u0161ovice.<\/p>\n\n\n\n<p>\ud83d\udcde&nbsp;Telefon<\/p>\n\n\n\n<p>+420 724 386 368<\/p>\n\n\n\n<p>\ud83d\udce7&nbsp;E-mail<\/p>\n\n\n\n<p>crownweddingsalon@gmail.com<\/p>\n\n\n\n<p>\ud83d\udd52&nbsp;Otev\u00edrac\u00ed doba<\/p>\n\n\n\n<p>Po \u2013 P\u00e1: 12:00 \u2013 20:00 NA OBJEDNANI<\/p>\n\n\n\n<p>So: 12:00 \u2013 18:00 NA OBJEDNANI<\/p>\n\n\n\n<p>Ne: zav\u0159eno<\/p>\n\n\n\n<div style=\"background:#f9f9f9; padding:24px; border-radius:8px; margin-top:20px;\">\n\n  <h2 style=\"text-align:center; color:#2b3a42;\">Najdete n\u00e1s v Praze<\/h2>\n\n  <p style=\"font-size:18px; line-height:1.6; margin-bottom:20px; text-align:center; color:#2b3a42;\">\n    Nav\u0161tivte <strong>CROWN Wedding Salon Praha<\/strong> v Hole\u0161ovic\u00edch.  \n    P\u0159ij\u010fte si vyzkou\u0161et luxusn\u00ed <strong>svatebn\u00ed \u0161aty Praha<\/strong> a rezervujte si sch\u016fzku v na\u0161em <strong>svatebn\u00edm salonu Praha<\/strong>.\n  <\/p>\n\n  <div style=\"text-align:center; margin-bottom:20px;\">\n    <a href=\"tel:+420724386368\" style=\"background:#5F95E1; color:#fff; padding:14px 32px; text-decoration:none; font-weight:bold; border-radius:6px; font-size:18px; display:inline-block; margin:5px;\">\n      \u260e Zavolat: +420 724 386 368\n    <\/a>\n\n    <a href=\"mailto:info@crown-wedding-salon.cz\" style=\"background:#2b3a42; color:#fff; padding:14px 32px; text-decoration:none; font-weight:bold; border-radius:6px; font-size:18px; display:inline-block; margin:5px;\">\n      \u2709 Napsat e-mail\n    <\/a>\n  <\/div>\n\n  <!-- Responzivn\u00ed Google mapa -->\n  <div style=\"margin-top:20px; text-align:center;\">\n    <iframe \n      src=\"https:\/\/www.google.com\/maps\/embed?pb=!1m18!1m12!1m3!1d2562.234838708492!2d14.4485076!3d50.1072836!2m3!1f0!2f0!3f0!3m2!1i1024!2i768!4f13.1!3m3!1m2!1s0x470b94b1966c17a7%3A0x26a511c39fc2ad6b!2sV%20p%C5%99%C3%ADstavu%201585%2F20%2C%20170%2000%20Praha%207-Hole%C5%A1ovice!5e0!3m2!1scs!2scz!4v1698239999999\" \n      width=\"100%\" height=\"400\" style=\"border:0; border-radius:8px;\" allowfullscreen=\"\" loading=\"lazy\" referrerpolicy=\"no-referrer-when-downgrade\">\n    <\/iframe>\n  <\/div>\n\n<\/div>\n","protected":false},"excerpt":{"rendered":"<p>Kontakt \u2013 CROWN Wedding Salon Praha Hled\u00e1te m\u00edsto, kde si vyzkou\u0161\u00edte ty nejkr\u00e1sn\u011bj\u0161\u00ed&nbsp;svatebn\u00ed \u0161aty Praha? Nav\u0161tivte n\u00e1\u0161&nbsp;svatebn\u00ed salon Praha&nbsp;a domluvte si osobn\u00ed sch\u016fzku. R\u00e1di v\u00e1m porad\u00edme s v\u00fdb\u011brem \u0161at\u016f, dopl\u0148k\u016f i celkov\u00e9ho svatebn\u00edho stylingu. \ud83d\udccd&nbsp;Adresa salonu CROWN Wedding Salon Praha V p\u0159\u00edstavu 1585\/20, 170 00 Praha 7 \u2013 Hole\u0161ovice. \ud83d\udcde&nbsp;Telefon +420 724 386 368 \ud83d\udce7&nbsp;E-mail &hellip; <\/p>\n","protected":false},"author":1,"featured_media":0,"parent":0,"menu_order":0,"comment_status":"closed","ping_status":"closed","template":"templates\/contact.php","meta":{"two_page_speed":{"current_score":{"desktop_score":99,"desktop_tti":"0.7\u00a0","mobile_score":93,"mobile_tti":"2.9\u00a0","date":"09.04.2026 05:59:35 pm","status":"completed"}},"footnotes":""},"class_list":["post-950","page","type-page","status-publish","hentry","latest_post"],"yoast_head":"<!-- This site is optimized with the Yoast SEO plugin v27.3 - https:\/\/yoast.com\/product\/yoast-seo-wordpress\/ -->\n<title>Contact - CROWN WEDDING SALON<\/title>\n<meta name=\"description\" content=\"Kontaktujte CROWN Wedding Salon Praha. Vyzkou\u0161ejte luxusn\u00ed svatebn\u00ed \u0161aty Praha a objevte sv\u00e9 vysn\u011bn\u00e9 \u0161aty v na\u0161em salonu.\" \/>\n<meta name=\"robots\" content=\"index, follow, max-snippet:-1, max-image-preview:large, max-video-preview:-1\" \/>\n<link rel=\"canonical\" href=\"https:\/\/crown-wedding-salon.cz\/?page_id=950\" \/>\n<meta property=\"og:locale\" content=\"cs_CZ\" \/>\n<meta property=\"og:type\" content=\"article\" \/>\n<meta property=\"og:title\" content=\"Contact - CROWN WEDDING SALON\" \/>\n<meta property=\"og:description\" content=\"Kontaktujte CROWN Wedding Salon Praha. Vyzkou\u0161ejte luxusn\u00ed svatebn\u00ed \u0161aty Praha a objevte sv\u00e9 vysn\u011bn\u00e9 \u0161aty v na\u0161em salonu.\" \/>\n<meta property=\"og:url\" content=\"https:\/\/crown-wedding-salon.cz\/?page_id=950\" \/>\n<meta property=\"og:site_name\" content=\"CROWN WEDDING SALON\" \/>\n<meta property=\"article:publisher\" content=\"https:\/\/www.facebook.com\/profile.php?id=100094435550187\" \/>\n<meta property=\"article:modified_time\" content=\"2026-04-09T17:59:09+00:00\" \/>\n<meta name=\"twitter:card\" content=\"summary_large_image\" \/>\n<meta name=\"twitter:label1\" content=\"Odhadovan\u00e1 doba \u010dten\u00ed\" \/>\n\t<meta name=\"twitter:data1\" content=\"1 minuta\" \/>\n<script type=\"application\/ld+json\" class=\"yoast-schema-graph\">{\"@context\":\"https:\\\/\\\/schema.org\",\"@graph\":[{\"@type\":\"WebPage\",\"@id\":\"https:\\\/\\\/crown-wedding-salon.cz\\\/?page_id=950\",\"url\":\"https:\\\/\\\/crown-wedding-salon.cz\\\/?page_id=950\",\"name\":\"Contact - CROWN WEDDING SALON\",\"isPartOf\":{\"@id\":\"https:\\\/\\\/crown-wedding-salon.cz\\\/#website\"},\"datePublished\":\"2023-12-30T23:46:38+00:00\",\"dateModified\":\"2026-04-09T17:59:09+00:00\",\"description\":\"Kontaktujte CROWN Wedding Salon Praha. Vyzkou\u0161ejte luxusn\u00ed svatebn\u00ed \u0161aty Praha a objevte sv\u00e9 vysn\u011bn\u00e9 \u0161aty v na\u0161em salonu.\",\"breadcrumb\":{\"@id\":\"https:\\\/\\\/crown-wedding-salon.cz\\\/?page_id=950#breadcrumb\"},\"inLanguage\":\"cs\",\"potentialAction\":[{\"@type\":\"ReadAction\",\"target\":[\"https:\\\/\\\/crown-wedding-salon.cz\\\/?page_id=950\"]}]},{\"@type\":\"BreadcrumbList\",\"@id\":\"https:\\\/\\\/crown-wedding-salon.cz\\\/?page_id=950#breadcrumb\",\"itemListElement\":[{\"@type\":\"ListItem\",\"position\":1,\"name\":\"Dom\u016f\",\"item\":\"https:\\\/\\\/crown-wedding-salon.cz\\\/\"},{\"@type\":\"ListItem\",\"position\":2,\"name\":\"Contact\"}]},{\"@type\":\"WebSite\",\"@id\":\"https:\\\/\\\/crown-wedding-salon.cz\\\/#website\",\"url\":\"https:\\\/\\\/crown-wedding-salon.cz\\\/\",\"name\":\"CROWN WEDDING SALON\",\"description\":\"\",\"publisher\":{\"@id\":\"https:\\\/\\\/crown-wedding-salon.cz\\\/#organization\"},\"potentialAction\":[{\"@type\":\"SearchAction\",\"target\":{\"@type\":\"EntryPoint\",\"urlTemplate\":\"https:\\\/\\\/crown-wedding-salon.cz\\\/?s={search_term_string}\"},\"query-input\":{\"@type\":\"PropertyValueSpecification\",\"valueRequired\":true,\"valueName\":\"search_term_string\"}}],\"inLanguage\":\"cs\"},{\"@type\":\"Organization\",\"@id\":\"https:\\\/\\\/crown-wedding-salon.cz\\\/#organization\",\"name\":\"The CROWN Company s.r.o\",\"url\":\"https:\\\/\\\/crown-wedding-salon.cz\\\/\",\"logo\":{\"@type\":\"ImageObject\",\"inLanguage\":\"cs\",\"@id\":\"https:\\\/\\\/crown-wedding-salon.cz\\\/#\\\/schema\\\/logo\\\/image\\\/\",\"url\":\"https:\\\/\\\/crown-wedding-salon.cz\\\/wp-content\\\/uploads\\\/2023\\\/12\\\/cropped-Wedding-sti.png\",\"contentUrl\":\"https:\\\/\\\/crown-wedding-salon.cz\\\/wp-content\\\/uploads\\\/2023\\\/12\\\/cropped-Wedding-sti.png\",\"width\":1563,\"height\":1563,\"caption\":\"The CROWN Company s.r.o\"},\"image\":{\"@id\":\"https:\\\/\\\/crown-wedding-salon.cz\\\/#\\\/schema\\\/logo\\\/image\\\/\"},\"sameAs\":[\"https:\\\/\\\/www.facebook.com\\\/profile.php?id=100094435550187\",\"https:\\\/\\\/www.instagram.com\\\/crown_svatebni_salon_saty_cz\\\/\"]}]}<\/script>\n<!-- \/ Yoast SEO plugin. -->","yoast_head_json":{"title":"Contact - CROWN WEDDING SALON","description":"Kontaktujte CROWN Wedding Salon Praha. Vyzkou\u0161ejte luxusn\u00ed svatebn\u00ed \u0161aty Praha a objevte sv\u00e9 vysn\u011bn\u00e9 \u0161aty v na\u0161em salonu.","robots":{"index":"index","follow":"follow","max-snippet":"max-snippet:-1","max-image-preview":"max-image-preview:large","max-video-preview":"max-video-preview:-1"},"canonical":"https:\/\/crown-wedding-salon.cz\/?page_id=950","og_locale":"cs_CZ","og_type":"article","og_title":"Contact - CROWN WEDDING SALON","og_description":"Kontaktujte CROWN Wedding Salon Praha. Vyzkou\u0161ejte luxusn\u00ed svatebn\u00ed \u0161aty Praha a objevte sv\u00e9 vysn\u011bn\u00e9 \u0161aty v na\u0161em salonu.","og_url":"https:\/\/crown-wedding-salon.cz\/?page_id=950","og_site_name":"CROWN WEDDING SALON","article_publisher":"https:\/\/www.facebook.com\/profile.php?id=100094435550187","article_modified_time":"2026-04-09T17:59:09+00:00","twitter_card":"summary_large_image","twitter_misc":{"Odhadovan\u00e1 doba \u010dten\u00ed":"1 minuta"},"schema":{"@context":"https:\/\/schema.org","@graph":[{"@type":"WebPage","@id":"https:\/\/crown-wedding-salon.cz\/?page_id=950","url":"https:\/\/crown-wedding-salon.cz\/?page_id=950","name":"Contact - CROWN WEDDING SALON","isPartOf":{"@id":"https:\/\/crown-wedding-salon.cz\/#website"},"datePublished":"2023-12-30T23:46:38+00:00","dateModified":"2026-04-09T17:59:09+00:00","description":"Kontaktujte CROWN Wedding Salon Praha. Vyzkou\u0161ejte luxusn\u00ed svatebn\u00ed \u0161aty Praha a objevte sv\u00e9 vysn\u011bn\u00e9 \u0161aty v na\u0161em salonu.","breadcrumb":{"@id":"https:\/\/crown-wedding-salon.cz\/?page_id=950#breadcrumb"},"inLanguage":"cs","potentialAction":[{"@type":"ReadAction","target":["https:\/\/crown-wedding-salon.cz\/?page_id=950"]}]},{"@type":"BreadcrumbList","@id":"https:\/\/crown-wedding-salon.cz\/?page_id=950#breadcrumb","itemListElement":[{"@type":"ListItem","position":1,"name":"Dom\u016f","item":"https:\/\/crown-wedding-salon.cz\/"},{"@type":"ListItem","position":2,"name":"Contact"}]},{"@type":"WebSite","@id":"https:\/\/crown-wedding-salon.cz\/#website","url":"https:\/\/crown-wedding-salon.cz\/","name":"CROWN WEDDING SALON","description":"","publisher":{"@id":"https:\/\/crown-wedding-salon.cz\/#organization"},"potentialAction":[{"@type":"SearchAction","target":{"@type":"EntryPoint","urlTemplate":"https:\/\/crown-wedding-salon.cz\/?s={search_term_string}"},"query-input":{"@type":"PropertyValueSpecification","valueRequired":true,"valueName":"search_term_string"}}],"inLanguage":"cs"},{"@type":"Organization","@id":"https:\/\/crown-wedding-salon.cz\/#organization","name":"The CROWN Company s.r.o","url":"https:\/\/crown-wedding-salon.cz\/","logo":{"@type":"ImageObject","inLanguage":"cs","@id":"https:\/\/crown-wedding-salon.cz\/#\/schema\/logo\/image\/","url":"https:\/\/crown-wedding-salon.cz\/wp-content\/uploads\/2023\/12\/cropped-Wedding-sti.png","contentUrl":"https:\/\/crown-wedding-salon.cz\/wp-content\/uploads\/2023\/12\/cropped-Wedding-sti.png","width":1563,"height":1563,"caption":"The CROWN Company s.r.o"},"image":{"@id":"https:\/\/crown-wedding-salon.cz\/#\/schema\/logo\/image\/"},"sameAs":["https:\/\/www.facebook.com\/profile.php?id=100094435550187","https:\/\/www.instagram.com\/crown_svatebni_salon_saty_cz\/"]}]}},"jetpack_sharing_enabled":true,"_links":{"self":[{"href":"https:\/\/crown-wedding-salon.cz\/index.php?rest_route=\/wp\/v2\/pages\/950","targetHints":{"allow":["GET"]}}],"collection":[{"href":"https:\/\/crown-wedding-salon.cz\/index.php?rest_route=\/wp\/v2\/pages"}],"about":[{"href":"https:\/\/crown-wedding-salon.cz\/index.php?rest_route=\/wp\/v2\/types\/page"}],"author":[{"embeddable":true,"href":"https:\/\/crown-wedding-salon.cz\/index.php?rest_route=\/wp\/v2\/users\/1"}],"replies":[{"embeddable":true,"href":"https:\/\/crown-wedding-salon.cz\/index.php?rest_route=%2Fwp%2Fv2%2Fcomments&post=950"}],"version-history":[{"count":3,"href":"https:\/\/crown-wedding-salon.cz\/index.php?rest_route=\/wp\/v2\/pages\/950\/revisions"}],"predecessor-version":[{"id":1861,"href":"https:\/\/crown-wedding-salon.cz\/index.php?rest_route=\/wp\/v2\/pages\/950\/revisions\/1861"}],"wp:attachment":[{"href":"https:\/\/crown-wedding-salon.cz\/index.php?rest_route=%2Fwp%2Fv2%2Fmedia&parent=950"}],"curies":[{"name":"wp","href":"https:\/\/api.w.org\/{rel}","templated":true}]}}